{"id":6331,"date":"2026-04-10T11:24:42","date_gmt":"2026-04-10T15:24:42","guid":{"rendered":"https:\/\/www.ccib.ca\/tib\/?page_id=6331"},"modified":"2026-04-10T11:24:42","modified_gmt":"2026-04-10T15:24:42","slug":"telus-exclusive-discount-for-businesses","status":"publish","type":"page","link":"https:\/\/www.ccib.ca\/tib\/telus-exclusive-discount-for-businesses\/","title":{"rendered":"TELUS Exclusive Discount For Businesses"},"content":{"rendered":"<div class=\"wpb-content-wrapper\"><p>[vc_row][vc_column][vc_empty_space][vc_single_image image=&#8221;6334&#8243; img_size=&#8221;full&#8221; css=&#8221;&#8221;][\/vc_column][\/vc_row][vc_row][vc_column][vc_column_text css=&#8221;&#8221;]<\/p>\n<h1 style=\"text-align: center;\"><span style=\"color: #470f7f;\">Unlock Exclusive Discounts for CCIB Member Businesses<\/span><\/h1>\n<p>[\/vc_column_text][\/vc_column][\/vc_row][vc_row equal_height=&#8221;yes&#8221;][vc_column width=&#8221;1\/2&#8243;][vc_column_text css=&#8221;&#8221;]<strong>Our Exclusive Partner Program gives businesses in our trusted network preferred pricing on our latest products and services designed to help your business thrive. <\/strong><\/p>\n<p><strong>Plus, you can save as you grow\u2014the more lines you add, the larger your discount.<\/strong>[\/vc_column_text][\/vc_column][vc_column width=&#8221;1\/2&#8243;][vc_column_text css=&#8221;&#8221;]<strong>Le Programme exclusif des partenaires permet aux entreprises de notre r\u00e9seau de confiance de b\u00e9n\u00e9ficier de prix pr\u00e9f\u00e9rentiels sur <\/strong><strong>nos derniers produits et services con\u00e7us pour aider votre entreprise \u00e0 prosp\u00e9rer.<\/strong><\/p>\n<p><strong> De plus, vous pouvez \u00e9conomiser \u00e0 mesure que <\/strong><strong>vous grandissez. Plus vous ajoutez de lignes, plus vous \u00e9conomisez.<\/strong>[\/vc_column_text][\/vc_column][vc_column][vc_separator][\/vc_column][\/vc_row][vc_row equal_height=&#8221;yes&#8221;][vc_column width=&#8221;1\/2&#8243; css=&#8221;.vc_custom_1628600444552{background-color: #e7e7e7 !important;}&#8221;][vc_single_image image=&#8221;6350&#8243; img_size=&#8221;full&#8221; alignment=&#8221;center&#8221; css=&#8221;.vc_custom_1771881262885{margin-left: 20px !important;}&#8221;][vc_empty_space][vc_column_text css=&#8221;&#8221;]<\/p>\n<h3 style=\"text-align: center;\"><strong>Scan the QR Code to fill out the form and claim your discount or use the fill form link below<\/strong><\/h3>\n<p>[\/vc_column_text][vc_empty_space][vc_empty_space][vc_column_text css=&#8221;.vc_custom_1771874453889{margin-bottom: 0px !important;padding-bottom: 0px !important;}&#8221;]<\/p>\n<h2 style=\"text-align: center;\"><span style=\"color: #470f7f;\">Thanks you! for choosing TELUS Business for your business needs<\/span><\/h2>\n<p>[\/vc_column_text][vc_empty_space][vc_row_inner][vc_column_inner width=&#8221;1\/2&#8243;][vc_btn title=&#8221;Fill Form&#8221; style=&#8221;custom&#8221; custom_background=&#8221;#470F7F&#8221; custom_text=&#8221;#ffffff&#8221; align=&#8221;right&#8221; css=&#8221;&#8221; el_class=&#8221;button&#8221; link=&#8221;url:https%3A%2F%2Fforms.office.com%2FPages%2FResponsePage.aspx%3Fid%3DR0IK3LPm5kGmCoGjXYgto7_zSJlMOZlEldyH5FUDy79URVRVUFJTV0NWTjBRMFhVSjFPNDJEMkwyOC4u|title:ENGLISH|target:_blank&#8221;][\/vc_column_inner][vc_column_inner width=&#8221;1\/2&#8243;][vc_btn title=&#8221;Learn More&#8221; style=&#8221;custom&#8221; custom_background=&#8221;#470F7F&#8221; custom_text=&#8221;#ffffff&#8221; align=&#8221;left&#8221; css=&#8221;&#8221; el_class=&#8221;button&#8221; link=&#8221;url:https%3A%2F%2Fwww.ccib.ca%2Ftib%2Fwp-content%2Fuploads%2Fsites%2F2%2F2026%2F02%2FTelus-Business-partner_program-clickable.pdf|title:Learn%20More|target:_blank&#8221;][\/vc_column_inner][\/vc_row_inner][\/vc_column][vc_column width=&#8221;1\/2&#8243;][vc_row_inner][vc_column_inner width=&#8221;1\/6&#8243;][\/vc_column_inner][vc_column_inner width=&#8221;2\/3&#8243;][vc_column_text css=&#8221;&#8221;]<\/p>\n<h2 style=\"text-align: center;\"><span style=\"color: #470f7f;\">Why choose the TELUS Business Exclusive Discounts?\u00a0<\/span><\/h2>\n<p>[\/vc_column_text][vc_empty_space][\/vc_column_inner][vc_column_inner width=&#8221;1\/6&#8243;][\/vc_column_inner][\/vc_row_inner][vc_row_inner][vc_column_inner width=&#8221;1\/4&#8243;][vc_icon icon_fontawesome=&#8221;fa fa-solid fa-mobile-screen-button&#8221; color=&#8221;custom&#8221; size=&#8221;xl&#8221; align=&#8221;right&#8221; css=&#8221;.vc_custom_1771880906541{margin-top: 15px !important;margin-right: 10px !important;}&#8221; custom_color=&#8221;#470F7F&#8221;][\/vc_column_inner][vc_column_inner width=&#8221;3\/4&#8243;][vc_column_text css=&#8221;.vc_custom_1771875264343{margin-bottom: 0px !important;padding-bottom: 0px !important;}&#8221;]<\/p>\n<h3>Business Mobility<\/h3>\n<p>[\/vc_column_text][vc_column_text css=&#8221;.vc_custom_1771879892494{margin-top: 0px !important;padding-top: 0px !important;}&#8221;]Unlimited 5G\/5G+ for Business plans offer unlimited data to save owners time and money.[\/vc_column_text][vc_empty_space][\/vc_column_inner][\/vc_row_inner][vc_row_inner][vc_column_inner width=&#8221;1\/4&#8243;][vc_icon icon_fontawesome=&#8221;fa fa-solid fa-building-wheat&#8221; color=&#8221;custom&#8221; size=&#8221;xl&#8221; align=&#8221;right&#8221; css=&#8221;.vc_custom_1771878132349{margin-top: 15px !important;}&#8221; custom_color=&#8221;#470F7F&#8221;][\/vc_column_inner][vc_column_inner width=&#8221;3\/4&#8243;][vc_column_text css=&#8221;.vc_custom_1771877916682{margin-bottom: 0px !important;padding-bottom: 0px !important;}&#8221;]<\/p>\n<h3>TELUS Health Virtual Care<\/h3>\n<p>[\/vc_column_text][vc_column_text css=&#8221;.vc_custom_1771878070824{margin-top: 0px !important;padding-top: 0px !important;}&#8221;]Revolutionizing healthcare for you and your team. TELUS Health Virtual Care3 is included in all TELUS small business smartphone plans at no additional cost.[\/vc_column_text][vc_empty_space][\/vc_column_inner][\/vc_row_inner][vc_row_inner][vc_column_inner width=&#8221;1\/4&#8243;][vc_icon icon_fontawesome=&#8221;fa fa-solid fa-truck-arrow-right&#8221; color=&#8221;custom&#8221; size=&#8221;xl&#8221; align=&#8221;right&#8221; css=&#8221;.vc_custom_1771879369906{margin-top: 15px !important;}&#8221; custom_color=&#8221;#470F7F&#8221;][\/vc_column_inner][vc_column_inner width=&#8221;3\/4&#8243;][vc_column_text css=&#8221;.vc_custom_1771879437160{margin-bottom: 0px !important;padding-bottom: 0px !important;}&#8221;]<\/p>\n<h3>Fleet Management<\/h3>\n<p>[\/vc_column_text][vc_column_text css=&#8221;.vc_custom_1771879409426{margin-bottom: 0px !important;padding-bottom: 0px !important;}&#8221;]From basic vehicle tracking and video telematics to advanced fleet management solutions, TELUS helps your business navigate towards a smarter and safer future.[\/vc_column_text][vc_empty_space][\/vc_column_inner][\/vc_row_inner][vc_empty_space][vc_row_inner][vc_column_inner width=&#8221;1\/4&#8243;][vc_icon icon_fontawesome=&#8221;fa fa-solid fa-shield-halved&#8221; color=&#8221;custom&#8221; size=&#8221;xl&#8221; align=&#8221;right&#8221; css=&#8221;.vc_custom_1771876949010{margin-top: 15px !important;}&#8221; custom_color=&#8221;#470F7F&#8221;][\/vc_column_inner][vc_column_inner width=&#8221;3\/4&#8243;][vc_column_text css=&#8221;.vc_custom_1771877391111{margin-bottom: 0px !important;padding-bottom: 0px !important;}&#8221;]<\/p>\n<h3>TELUS Secure Business<\/h3>\n<p>[\/vc_column_text][vc_column_text css=&#8221;.vc_custom_1771877426523{margin-bottom: 0px !important;padding-bottom: 0px !important;}&#8221;]Protect your business with 24\/7 business security monitoring alerts and real-time HD video surveillance.[\/vc_column_text][\/vc_column_inner][\/vc_row_inner][vc_empty_space][vc_row_inner][vc_column_inner width=&#8221;1\/4&#8243;][vc_icon icon_fontawesome=&#8221;fa fa-solid fa-wifi&#8221; color=&#8221;custom&#8221; size=&#8221;xl&#8221; align=&#8221;right&#8221; css=&#8221;.vc_custom_1771876987577{margin-top: 15px !important;}&#8221; custom_color=&#8221;#470F7F&#8221;][\/vc_column_inner][vc_column_inner width=&#8221;3\/4&#8243;][vc_column_text css=&#8221;.vc_custom_1771877453285{margin-bottom: 0px !important;border-bottom-width: 0px !important;}&#8221;]<\/p>\n<h3>PureFibre Internet &amp; Wi-Fi<\/h3>\n<p>[\/vc_column_text][vc_column_text css=&#8221;.vc_custom_1771877480560{margin-bottom: 0px !important;padding-bottom: 0px !important;}&#8221;]Get the unstoppable power of a 100% direct fibre connection with Canada\u2019s fastest internet provider.[\/vc_column_text][\/vc_column_inner][\/vc_row_inner][vc_empty_space][vc_row_inner][vc_column_inner width=&#8221;1\/4&#8243;][vc_icon icon_fontawesome=&#8221;fa fa-solid fa-blender-phone&#8221; color=&#8221;custom&#8221; size=&#8221;xl&#8221; align=&#8221;right&#8221; css=&#8221;.vc_custom_1771878842679{margin-top: 15px !important;}&#8221; custom_color=&#8221;#470F7F&#8221;][\/vc_column_inner][vc_column_inner width=&#8221;3\/4&#8243;][vc_column_text css=&#8221;.vc_custom_1771877953632{margin-bottom: 0px !important;padding-bottom: 0px !important;}&#8221;]<\/p>\n<h3>TELUS Business Connect<\/h3>\n<p>[\/vc_column_text][vc_column_text css=&#8221;.vc_custom_1771878011735{margin-bottom: 0px !important;padding-bottom: 0px !important;}&#8221;]Manage your business calls with one powerful phone system, all over your internet connection with an all-in-one VoIP solution with videoconferencing.[\/vc_column_text][\/vc_column_inner][\/vc_row_inner][vc_row_inner equal_height=&#8221;yes&#8221; disable_element=&#8221;yes&#8221; css=&#8221;.vc_custom_1771879786894{margin-left: 30px !important;}&#8221;][vc_column_inner width=&#8221;1\/2&#8243;][vc_single_image image=&#8221;6334&#8243; img_size=&#8221;full&#8221; alignment=&#8221;center&#8221; css=&#8221;.vc_custom_1771870827529{margin-top: 20px !important;margin-right: 20px !important;margin-bottom: 20px !important;margin-left: 20px !important;border-top-width: 20px !important;padding-top: 20px !important;}&#8221;][\/vc_column_inner][vc_column_inner width=&#8221;1\/2&#8243;][vc_single_image image=&#8221;6335&#8243; img_size=&#8221;full&#8221; css=&#8221;.vc_custom_1771870683026{margin-top: 20px !important;margin-right: 20px !important;margin-bottom: 20px !important;margin-left: 20px !important;}&#8221;][\/vc_column_inner][\/vc_row_inner][\/vc_column][\/vc_row][vc_row][vc_column][vc_empty_space][vc_separator css=&#8221;&#8221;][\/vc_column][\/vc_row][vc_row equal_height=&#8221;yes&#8221;][vc_column width=&#8221;1\/2&#8243;][vc_row_inner equal_height=&#8221;yes&#8221; css=&#8221;.vc_custom_1771870729425{margin-left: 30px !important;}&#8221;][vc_column_inner][vc_column_text css=&#8221;&#8221;]<\/p>\n<h4 style=\"text-align: center;\"><span style=\"color: #333333;\"><strong>About TELUS Business<\/strong><\/span><\/h4>\n<p><strong>TELUS Business is a proud supporter of Canadian business. We champion owners, leaders and teams that use technology to drive growth and differentiation for their business.<\/strong><\/p>\n<p><strong>We are a national team providing solutions for small to medium sized businesses with up to 100 employees. As a global leader in <\/strong><strong>telecom and technology solutions, TELUS empowers businesses to thrive in a digital world.<\/strong><\/p>\n<p><a href=\"http:\/\/www.telus.com\/business\">Website<\/a>[\/vc_column_text][\/vc_column_inner][\/vc_row_inner][\/vc_column][vc_column width=&#8221;1\/2&#8243;][vc_empty_space][vc_single_image image=&#8221;6334&#8243; img_size=&#8221;full&#8221; alignment=&#8221;center&#8221; css=&#8221;.vc_custom_1771870827529{margin-top: 20px !important;margin-right: 20px !important;margin-bottom: 20px !important;margin-left: 20px !important;border-top-width: 20px !important;padding-top: 20px !important;}&#8221;][vc_empty_space][\/vc_column][\/vc_row]<\/p>\n<\/div>","protected":false},"excerpt":{"rendered":"<p>[vc_row][vc_column][vc_empty_space][vc_single_image image=&#8221;6334&#8243; img_size=&#8221;full&#8221; css=&#8221;&#8221;][\/vc_column][\/vc_row][vc_row][vc_column][vc_column_text css=&#8221;&#8221;] Unlock Exclusive Discounts for CCIB Member Businesses [\/vc_column_text][\/vc_column][\/vc_row][vc_row equal_height=&#8221;yes&#8221;][vc_column width=&#8221;1\/2&#8243;][vc_column_text css=&#8221;&#8221;]Our Exclusive Partner Program gives businesses in our trusted network preferred pricing on our latest products and services designed to help your business thrive. Plus, you can save as you grow\u2014the more lines you add, the larger your discount.[\/vc_column_text][\/vc_column][vc_column width=&#8221;1\/2&#8243;][vc_column_text [&hellip;]<\/p>\n","protected":false},"author":87,"featured_media":0,"parent":0,"menu_order":0,"comment_status":"closed","ping_status":"closed","template":"","meta":{"_acf_changed":false,"footnotes":""},"class_list":["post-6331","page","type-page","status-publish","hentry"],"acf":[],"yoast_head":"<!-- This site is optimized with the Yoast SEO plugin v27.0 - https:\/\/yoast.com\/product\/yoast-seo-wordpress\/ -->\n<title>TELUS Exclusive Discount For Businesses - TIB<\/title>\n<meta name=\"robots\" content=\"index, follow, max-snippet:-1, max-image-preview:large, max-video-preview:-1\" \/>\n<link rel=\"canonical\" href=\"https:\/\/www.ccib.ca\/tib\/telus-exclusive-discount-for-businesses\/\" \/>\n<meta property=\"og:locale\" content=\"en_US\" \/>\n<meta property=\"og:type\" content=\"article\" \/>\n<meta property=\"og:title\" content=\"TELUS Exclusive Discount For Businesses - TIB\" \/>\n<meta property=\"og:description\" content=\"[vc_row][vc_column][vc_empty_space][vc_single_image image=&#8221;6334&#8243; img_size=&#8221;full&#8221; css=&#8221;&#8221;][\/vc_column][\/vc_row][vc_row][vc_column][vc_column_text css=&#8221;&#8221;] Unlock Exclusive Discounts for CCIB Member Businesses [\/vc_column_text][\/vc_column][\/vc_row][vc_row equal_height=&#8221;yes&#8221;][vc_column width=&#8221;1\/2&#8243;][vc_column_text css=&#8221;&#8221;]Our Exclusive Partner Program gives businesses in our trusted network preferred pricing on our latest products and services designed to help your business thrive. Plus, you can save as you grow\u2014the more lines you add, the larger your discount.[\/vc_column_text][\/vc_column][vc_column width=&#8221;1\/2&#8243;][vc_column_text [&hellip;]\" \/>\n<meta property=\"og:url\" content=\"https:\/\/www.ccib.ca\/tib\/telus-exclusive-discount-for-businesses\/\" \/>\n<meta property=\"og:site_name\" content=\"TIB\" \/>\n<meta name=\"twitter:card\" content=\"summary_large_image\" \/>\n<meta name=\"twitter:label1\" content=\"Est. reading time\" \/>\n\t<meta name=\"twitter:data1\" content=\"4 minutes\" \/>\n<script type=\"application\/ld+json\" class=\"yoast-schema-graph\">{\"@context\":\"https:\/\/schema.org\",\"@graph\":[{\"@type\":\"WebPage\",\"@id\":\"https:\/\/www.ccib.ca\/tib\/telus-exclusive-discount-for-businesses\/\",\"url\":\"https:\/\/www.ccib.ca\/tib\/telus-exclusive-discount-for-businesses\/\",\"name\":\"TELUS Exclusive Discount For Businesses - TIB\",\"isPartOf\":{\"@id\":\"https:\/\/www.ccib.ca\/tib\/#website\"},\"datePublished\":\"2026-04-10T15:24:42+00:00\",\"breadcrumb\":{\"@id\":\"https:\/\/www.ccib.ca\/tib\/telus-exclusive-discount-for-businesses\/#breadcrumb\"},\"inLanguage\":\"en-US\",\"potentialAction\":[{\"@type\":\"ReadAction\",\"target\":[\"https:\/\/www.ccib.ca\/tib\/telus-exclusive-discount-for-businesses\/\"]}]},{\"@type\":\"BreadcrumbList\",\"@id\":\"https:\/\/www.ccib.ca\/tib\/telus-exclusive-discount-for-businesses\/#breadcrumb\",\"itemListElement\":[{\"@type\":\"ListItem\",\"position\":1,\"name\":\"Home\",\"item\":\"https:\/\/www.ccib.ca\/tib\/\"},{\"@type\":\"ListItem\",\"position\":2,\"name\":\"TELUS Exclusive Discount For Businesses\"}]},{\"@type\":\"WebSite\",\"@id\":\"https:\/\/www.ccib.ca\/tib\/#website\",\"url\":\"https:\/\/www.ccib.ca\/tib\/\",\"name\":\"TIB\",\"description\":\"Tools for Indigenous Businesses\",\"potentialAction\":[{\"@type\":\"SearchAction\",\"target\":{\"@type\":\"EntryPoint\",\"urlTemplate\":\"https:\/\/www.ccib.ca\/tib\/?s={search_term_string}\"},\"query-input\":{\"@type\":\"PropertyValueSpecification\",\"valueRequired\":true,\"valueName\":\"search_term_string\"}}],\"inLanguage\":\"en-US\"}]}<\/script>\n<!-- \/ Yoast SEO plugin. -->","yoast_head_json":{"title":"TELUS Exclusive Discount For Businesses - TIB","robots":{"index":"index","follow":"follow","max-snippet":"max-snippet:-1","max-image-preview":"max-image-preview:large","max-video-preview":"max-video-preview:-1"},"canonical":"https:\/\/www.ccib.ca\/tib\/telus-exclusive-discount-for-businesses\/","og_locale":"en_US","og_type":"article","og_title":"TELUS Exclusive Discount For Businesses - TIB","og_description":"[vc_row][vc_column][vc_empty_space][vc_single_image image=&#8221;6334&#8243; img_size=&#8221;full&#8221; css=&#8221;&#8221;][\/vc_column][\/vc_row][vc_row][vc_column][vc_column_text css=&#8221;&#8221;] Unlock Exclusive Discounts for CCIB Member Businesses [\/vc_column_text][\/vc_column][\/vc_row][vc_row equal_height=&#8221;yes&#8221;][vc_column width=&#8221;1\/2&#8243;][vc_column_text css=&#8221;&#8221;]Our Exclusive Partner Program gives businesses in our trusted network preferred pricing on our latest products and services designed to help your business thrive. Plus, you can save as you grow\u2014the more lines you add, the larger your discount.[\/vc_column_text][\/vc_column][vc_column width=&#8221;1\/2&#8243;][vc_column_text [&hellip;]","og_url":"https:\/\/www.ccib.ca\/tib\/telus-exclusive-discount-for-businesses\/","og_site_name":"TIB","twitter_card":"summary_large_image","twitter_misc":{"Est. reading time":"4 minutes"},"schema":{"@context":"https:\/\/schema.org","@graph":[{"@type":"WebPage","@id":"https:\/\/www.ccib.ca\/tib\/telus-exclusive-discount-for-businesses\/","url":"https:\/\/www.ccib.ca\/tib\/telus-exclusive-discount-for-businesses\/","name":"TELUS Exclusive Discount For Businesses - TIB","isPartOf":{"@id":"https:\/\/www.ccib.ca\/tib\/#website"},"datePublished":"2026-04-10T15:24:42+00:00","breadcrumb":{"@id":"https:\/\/www.ccib.ca\/tib\/telus-exclusive-discount-for-businesses\/#breadcrumb"},"inLanguage":"en-US","potentialAction":[{"@type":"ReadAction","target":["https:\/\/www.ccib.ca\/tib\/telus-exclusive-discount-for-businesses\/"]}]},{"@type":"BreadcrumbList","@id":"https:\/\/www.ccib.ca\/tib\/telus-exclusive-discount-for-businesses\/#breadcrumb","itemListElement":[{"@type":"ListItem","position":1,"name":"Home","item":"https:\/\/www.ccib.ca\/tib\/"},{"@type":"ListItem","position":2,"name":"TELUS Exclusive Discount For Businesses"}]},{"@type":"WebSite","@id":"https:\/\/www.ccib.ca\/tib\/#website","url":"https:\/\/www.ccib.ca\/tib\/","name":"TIB","description":"Tools for Indigenous Businesses","potentialAction":[{"@type":"SearchAction","target":{"@type":"EntryPoint","urlTemplate":"https:\/\/www.ccib.ca\/tib\/?s={search_term_string}"},"query-input":{"@type":"PropertyValueSpecification","valueRequired":true,"valueName":"search_term_string"}}],"inLanguage":"en-US"}]}},"_links":{"self":[{"href":"https:\/\/www.ccib.ca\/tib\/wp-json\/wp\/v2\/pages\/6331","targetHints":{"allow":["GET"]}}],"collection":[{"href":"https:\/\/www.ccib.ca\/tib\/wp-json\/wp\/v2\/pages"}],"about":[{"href":"https:\/\/www.ccib.ca\/tib\/wp-json\/wp\/v2\/types\/page"}],"author":[{"embeddable":true,"href":"https:\/\/www.ccib.ca\/tib\/wp-json\/wp\/v2\/users\/87"}],"replies":[{"embeddable":true,"href":"https:\/\/www.ccib.ca\/tib\/wp-json\/wp\/v2\/comments?post=6331"}],"version-history":[{"count":10,"href":"https:\/\/www.ccib.ca\/tib\/wp-json\/wp\/v2\/pages\/6331\/revisions"}],"predecessor-version":[{"id":6686,"href":"https:\/\/www.ccib.ca\/tib\/wp-json\/wp\/v2\/pages\/6331\/revisions\/6686"}],"wp:attachment":[{"href":"https:\/\/www.ccib.ca\/tib\/wp-json\/wp\/v2\/media?parent=6331"}],"curies":[{"name":"wp","href":"https:\/\/api.w.org\/{rel}","templated":true}]}}