{"id":2727,"date":"2022-02-08T19:59:25","date_gmt":"2022-02-08T19:59:25","guid":{"rendered":"https:\/\/www.ccib.ca\/tfab\/?page_id=2727"},"modified":"2022-02-09T14:27:57","modified_gmt":"2022-02-09T14:27:57","slug":"canada-small-business-financing-program","status":"publish","type":"page","link":"https:\/\/www.ccib.ca\/tib\/canada-small-business-financing-program\/","title":{"rendered":"Canada Small Business Financing Program"},"content":{"rendered":"<div class=\"wpb-content-wrapper\"><p>[vc_row][vc_column][vc_column_text]<\/p>\n<h1>Canada Small Business Financing Program<\/h1>\n<p>[\/vc_column_text][\/vc_column][\/vc_row][vc_row][vc_column width=&#8221;1\/2&#8243;][vc_column_text]<\/p>\n<h2>Description<\/h2>\n<p>[\/vc_column_text][vc_column_text]<\/p>\n<div id=\"Page_Tool\">\n<div class=\"content\">\n<div class=\"top\">\n<div class=\"leftSide\">\n<div class=\"title\">The Canada Small Business Financing Program makes it easier for small businesses to get loans from financial institutions by sharing the risk with lenders. Loans can be used to finance the following costs:<\/div>\n<div class=\"content\">\n<ul>\n<li>purchase or improvement of land or buildings used for commercial purposes<\/li>\n<li>purchase or improvement of new or used equipment<\/li>\n<li>purchase of new or existing leasehold improvements, that is, renovations to a leased property by a tenant<\/li>\n<\/ul>\n<p>Up to a maximum of $1,000,000 for any one borrower, of which no more than $350,000 can be used for purchasing leasehold improvements or improving leased property and purchasing or improving new or used equipment.<\/p>\n<\/div>\n<\/div>\n<div class=\"rightSide\">\n<div class=\"title\">\n<p>The <a href=\"https:\/\/can01.safelinks.protection.outlook.com\/?url=https%3A%2F%2Flinkprotect.cudasvc.com%2Furl%3Fa%3Dhttps%253a%252f%252fwww.ic.gc.ca%252feic%252fsite%252fcsbfp-pfpec.nsf%252feng%252fhome%26c%3DE%2C1%2CWdrH5oEiFpQoNLuz0Y8H23cPNcQbE4h7mwhX0ajF4vDFlXxs2rI-Zbhc0l2nSTAR_wroGu54cDS5kxGhBndxDoGeAq__-1uDiPxeeqzy%26typo%3D1&amp;data=04%7C01%7Ctmorningstar%40ccib.ca%7Cb30bbeb588544b87c83708d9d07a241f%7Cdc0a4247e6b341e6a60a81a35d882da3%7C0%7C0%7C637770047361725341%7CUnknown%7CTWFpbGZsb3d8eyJWIjoiMC4wLjAwMDAiLCJQIjoiV2luMzIiLCJBTiI6Ik1haWwiLCJXVCI6Mn0%3D%7C3000&amp;sdata=pVdv5Tm6u4RSRlLpBP2K2O4PiSpaUk2dhPw8lX8nW4k%3D&amp;reserved=0\">Canada Small Business Financing Program<\/a> makes it easier for small businesses to get loans from financial institutions by sharing the risk with lenders.\u00a0 Up to a maximum of $1,000,000 for any one borrower, of which no more than $350,000 can be used for purchasing leasehold improvements or improving leased property and purchasing or improving new or used equipment. Financial institutions deliver the program and are solely responsible for approving the loan. For more information download their <a href=\"https:\/\/can01.safelinks.protection.outlook.com\/?url=https%3A%2F%2Flinkprotect.cudasvc.com%2Furl%3Fa%3Dhttps%253a%252f%252fwww.ic.gc.ca%252feic%252fsite%252fcsbfp-pfpec.nsf%252fvwapj%252fBrochure_CSBFP_EN.pdf%252f%2524file%252fBrochure_CSBFP_EN.pdf%26c%3DE%2C1%2CCgrQslG2RTpoMgruwv40bfabCjZfAvyFephxPGAle1t6SlOOljg4_O5J8A0hrIUzSvY1Gv0O88mLG6b7GNtfsJmRh3EgtnP0ch4vySZ15F02%26typo%3D1&amp;data=04%7C01%7Ctmorningstar%40ccib.ca%7Cb30bbeb588544b87c83708d9d07a241f%7Cdc0a4247e6b341e6a60a81a35d882da3%7C0%7C0%7C637770047361725341%7CUnknown%7CTWFpbGZsb3d8eyJWIjoiMC4wLjAwMDAiLCJQIjoiV2luMzIiLCJBTiI6Ik1haWwiLCJXVCI6Mn0%3D%7C3000&amp;sdata=BTaARvc3X9M%2FdbI3me%2FoaBPHFXta9qse0S5f6aoWdWA%3D&amp;reserved=0\">PDF<\/a> pamphlet or click here to <a href=\"https:\/\/can01.safelinks.protection.outlook.com\/?url=https%3A%2F%2Flinkprotect.cudasvc.com%2Furl%3Fa%3Dhttps%253a%252f%252fwww.ic.gc.ca%252fapp%252fscr%252fcmb-dgcm%252fpoi-pi%252fmp.html%253ftpcId%253d1%2526lang%253deng%26c%3DE%2C1%2Cm-JS_W9fOFVDG2fAqDJ6Knpw5lCbyCyUdNeweJbF_UNJKNb8OFnAFJbi0jv6ydobWbbET4xeCzTmc3S_wYW2aLNHV4Xlow-9eS2FH3athZhjpFdVsA%2C%2C%26typo%3D1&amp;data=04%7C01%7Ctmorningstar%40ccib.ca%7Cb30bbeb588544b87c83708d9d07a241f%7Cdc0a4247e6b341e6a60a81a35d882da3%7C0%7C0%7C637770047361735289%7CUnknown%7CTWFpbGZsb3d8eyJWIjoiMC4wLjAwMDAiLCJQIjoiV2luMzIiLCJBTiI6Ik1haWwiLCJXVCI6Mn0%3D%7C3000&amp;sdata=4TB4VD2CGvX0vR1vsFe7S%2BoKvHxBwPz7B4AWrqwtG%2Bc%3D&amp;reserved=0\">find a lender near you<\/a>.<\/p>\n<p>The Government of Canada has introduced <a href=\"https:\/\/can01.safelinks.protection.outlook.com\/?url=https%3A%2F%2Fwww.canada.ca%2Fen%2Fdepartment-finance%2Feconomic-response-plan.html%23businesses&amp;data=04%7C01%7Ctmorningstar%40ccib.ca%7Cb30bbeb588544b87c83708d9d07a241f%7Cdc0a4247e6b341e6a60a81a35d882da3%7C0%7C0%7C637770047361755214%7CUnknown%7CTWFpbGZsb3d8eyJWIjoiMC4wLjAwMDAiLCJQIjoiV2luMzIiLCJBTiI6Ik1haWwiLCJXVCI6Mn0%3D%7C3000&amp;sdata=%2FkMgqKeH9JPt9L6KSWnQx8pD4Q3QrUtSNyTB0UQzprc%3D&amp;reserved=0\">many COVID-19 supports<\/a> to help businesses weather the storm. To get a <em>tailored list<\/em> of the ones that fit your business situation or to discover other federal, provincial and territorial programs and services designed to help Canadian businesses grow, try the <a href=\"https:\/\/can01.safelinks.protection.outlook.com\/?url=https%3A%2F%2Finnovation.ised-isde.canada.ca%2Fs%2F%3Flanguage%3Den&amp;data=04%7C01%7Ctmorningstar%40ccib.ca%7Cb30bbeb588544b87c83708d9d07a241f%7Cdc0a4247e6b341e6a60a81a35d882da3%7C0%7C0%7C637770047361755214%7CUnknown%7CTWFpbGZsb3d8eyJWIjoiMC4wLjAwMDAiLCJQIjoiV2luMzIiLCJBTiI6Ik1haWwiLCJXVCI6Mn0%3D%7C3000&amp;sdata=9BST9T8Klv6kTvM2E8oiYh%2FV7Lrj2PNMqhgMy0vM57E%3D&amp;reserved=0\">interactive business benefits finder<\/a>. You can also sign up for the notification feature to receive emails when there are changes to your favourite programs, when application deadlines are approaching, or when a new program that meets your needs is introduced.<\/p>\n<p>Get tools and information on what to consider before starting a business.\u00a0Get information to help you identify opportunities to grow your business. Learn how to fuel your R&amp;D and innovation projects through government grants, contributions and loans, as well as private sector financing.\u00a0Learn about programs and services available in your region to help your business succeed.\u00a0 Find out more about the municipal, provincial, territorial and federal permits, licences and regulations that apply to your business.\u00a0 Learn how to handle day-to-day operations, including budgeting, marketing and payroll deductions and more.\u00a0<a href=\"https:\/\/can01.safelinks.protection.outlook.com\/?url=https%3A%2F%2Fwww.ic.gc.ca%2Feic%2Fsite%2Fcsbfp-pfpec.nsf%2Feng%2Fla03285.html&amp;data=04%7C01%7Ctmorningstar%40ccib.ca%7Cb30bbeb588544b87c83708d9d07a241f%7Cdc0a4247e6b341e6a60a81a35d882da3%7C0%7C0%7C637770047361775130%7CUnknown%7CTWFpbGZsb3d8eyJWIjoiMC4wLjAwMDAiLCJQIjoiV2luMzIiLCJBTiI6Ik1haWwiLCJXVCI6Mn0%3D%7C3000&amp;sdata=Z8xAO11Lzk3vkdML4%2F35DHjt6uEUYVCnt6BpFNA1EWo%3D&amp;reserved=0\">Overview of federal government Services for Small Business<\/a><\/p>\n<\/div>\n<div class=\"title\">\n<a class='tfab_protectedLink' href='http:\/\/www.ic.gc.ca\/eic\/site\/cipointernet-internetopic.nsf\/eng\/h_wr04320.html\/panel1' target='_self' eventCategory='Legal &amp; Regulatory' eventName='Access Intellectual Property Resources' eventAction='' eventValue='0' popUpContentId='Tfab_ProtectedLink_yCunI'><\/a><div id='Tfab_ProtectedLink_yCunI' class='tfab_protectedLink_dataHolder'>Please remember that use of the TFAB portal and TFAB Materials (including tools) are governed by the <a href=\"https:\/\/www.ccib.ca\/tib\/terms_of_use\/\" target=\"_blank\" rel=\"noopener noreferrer\">TFAB Portal Terms of Use which can be found here.<\/a><\/div>\n<\/div>\n<\/div>\n<\/div>\n<div class=\"bottom\">\n<div class=\"leftSide\">\n<div class=\"content\">\n<p>&nbsp;<\/p>\n<\/div>\n<\/div>\n<div><img decoding=\"async\" class=\"alignnone wp-image-2729 size-medium\" src=\"https:\/\/www.ccib.ca\/tib\/wp-content\/uploads\/sites\/2\/2022\/02\/gov_canada_logo-300x149.png\" alt=\"\" width=\"300\" height=\"149\" srcset=\"https:\/\/www.ccib.ca\/tib\/wp-content\/uploads\/sites\/2\/2022\/02\/gov_canada_logo-300x149.png 300w, https:\/\/www.ccib.ca\/tib\/wp-content\/uploads\/sites\/2\/2022\/02\/gov_canada_logo-1024x509.png 1024w, https:\/\/www.ccib.ca\/tib\/wp-content\/uploads\/sites\/2\/2022\/02\/gov_canada_logo-768x382.png 768w, https:\/\/www.ccib.ca\/tib\/wp-content\/uploads\/sites\/2\/2022\/02\/gov_canada_logo.png 1184w\" sizes=\"(max-width: 300px) 100vw, 300px\" \/><\/div>\n<\/div>\n<\/div>\n<\/div>\n<p>[\/vc_column_text][\/vc_column][vc_column width=&#8221;1\/2&#8243;][vc_column_text]<\/p>\n<h2>Le Description<\/h2>\n<p>[\/vc_column_text][vc_column_text]<\/p>\n<div class=\"top\">\n<div class=\"leftSide\">\n<div class=\"content\"><\/div>\n<\/div>\n<div class=\"rightSide\">\n<div class=\"title\">\n<p>Le <a href=\"https:\/\/can01.safelinks.protection.outlook.com\/?url=https%3A%2F%2Fwww.ic.gc.ca%2Feic%2Fsite%2Fcsbfp-pfpec.nsf%2Ffra%2Faccueil&amp;data=04%7C01%7Ctmorningstar%40ccib.ca%7Cb30bbeb588544b87c83708d9d07a241f%7Cdc0a4247e6b341e6a60a81a35d882da3%7C0%7C0%7C637770047361735289%7CUnknown%7CTWFpbGZsb3d8eyJWIjoiMC4wLjAwMDAiLCJQIjoiV2luMzIiLCJBTiI6Ik1haWwiLCJXVCI6Mn0%3D%7C3000&amp;sdata=4GXCQCky00JFZ7xm3IsipRNUGG%2FwXpuQD%2Fe5vHoPRt0%3D&amp;reserved=0\">Programme de financement des petites entreprises du Canada<\/a> aide les petites entreprises \u00e0 obtenir des pr\u00eats aupr\u00e8s d&#8217;institutions financi\u00e8res en partageant les risques avec les pr\u00eateurs. Un emprunteur peut obtenir jusqu&#8217;\u00e0 1 million de dollar dont un montant maximum de 350 000 $ peut \u00eatre utilis\u00e9 pour des am\u00e9liorations locatives, pour l&#8217;am\u00e9lioration de biens locatifs et pour l&#8217;achat ou l&#8217;am\u00e9lioration de mat\u00e9riel neuf ou usag\u00e9. Les institutions financi\u00e8res offrent le programme et sont enti\u00e8rement responsables de l&#8217;approbation du pr\u00eat. Pour plus de renseignements, veuillez <a href=\"https:\/\/can01.safelinks.protection.outlook.com\/?url=https%3A%2F%2Fwww.ic.gc.ca%2Feic%2Fsite%2Fcsbfp-pfpec.nsf%2Fvwapj%2FBrochure_PFPEC_FR.pdf%2F%24file%2FBrochure_PFPEC_FR.pdf&amp;data=04%7C01%7Ctmorningstar%40ccib.ca%7Cb30bbeb588544b87c83708d9d07a241f%7Cdc0a4247e6b341e6a60a81a35d882da3%7C0%7C0%7C637770047361745246%7CUnknown%7CTWFpbGZsb3d8eyJWIjoiMC4wLjAwMDAiLCJQIjoiV2luMzIiLCJBTiI6Ik1haWwiLCJXVCI6Mn0%3D%7C3000&amp;sdata=MNA10Q17JOdBqqwZd5fOW8PWwA6GLhNkeD7enMa0tyk%3D&amp;reserved=0\">t\u00e9l\u00e9charger leur d\u00e9pliant<\/a> ou cliquez ici pour <a href=\"https:\/\/can01.safelinks.protection.outlook.com\/?url=https%3A%2F%2Fwww.ic.gc.ca%2Fapp%2Fscr%2Fcmb-dgcm%2Fpoi-pi%2Fmp.html%3FtpcId%3D1%26lang%3Dfra&amp;data=04%7C01%7Ctmorningstar%40ccib.ca%7Cb30bbeb588544b87c83708d9d07a241f%7Cdc0a4247e6b341e6a60a81a35d882da3%7C0%7C0%7C637770047361745246%7CUnknown%7CTWFpbGZsb3d8eyJWIjoiMC4wLjAwMDAiLCJQIjoiV2luMzIiLCJBTiI6Ik1haWwiLCJXVCI6Mn0%3D%7C3000&amp;sdata=ddJjg7uWdBVd2yzQpLtk3oMHM3Jprn69M3z4qWmRrms%3D&amp;reserved=0\">trouver un pr\u00eateur pr\u00e8s de chez vous.<\/a><\/p>\n<p>Le gouvernement du Canada a mis en place <a href=\"https:\/\/can01.safelinks.protection.outlook.com\/?url=https%3A%2F%2Fwww.canada.ca%2Ffr%2Fministere-finances%2Fplan-intervention-economique.html&amp;data=04%7C01%7Ctmorningstar%40ccib.ca%7Cb30bbeb588544b87c83708d9d07a241f%7Cdc0a4247e6b341e6a60a81a35d882da3%7C0%7C0%7C637770047361765168%7CUnknown%7CTWFpbGZsb3d8eyJWIjoiMC4wLjAwMDAiLCJQIjoiV2luMzIiLCJBTiI6Ik1haWwiLCJXVCI6Mn0%3D%7C3000&amp;sdata=Xvbtv4yTjLm%2F7Jnomq%2FaGo1aDBD0U4pbTQmrA0Q56xs%3D&amp;reserved=0\">plusieurs mesures de soutien en r\u00e9ponse \u00e0 l&#8217;\u00e9closion de la COVID-19<\/a> pour aider les entreprises durant cette p\u00e9riode difficile. Pour obtenir une <em>liste personnalis\u00e9e<\/em> des m\u00e9canismes de soutien qui r\u00e9pondent aux besoins de votre entreprise ou pour d\u00e9couvrir d\u2019autres programmes et services f\u00e9d\u00e9raux, provinciaux et territoriaux visant \u00e0 aider les entreprises canadiennes \u00e0 prendre de l\u2019expansion, essayez l\u2019<a href=\"https:\/\/can01.safelinks.protection.outlook.com\/?url=https%3A%2F%2Finnovation.ised-isde.canada.ca%2Fs%2F%3Flanguage%3Dfr&amp;data=04%7C01%7Ctmorningstar%40ccib.ca%7Cb30bbeb588544b87c83708d9d07a241f%7Cdc0a4247e6b341e6a60a81a35d882da3%7C0%7C0%7C637770047361765168%7CUnknown%7CTWFpbGZsb3d8eyJWIjoiMC4wLjAwMDAiLCJQIjoiV2luMzIiLCJBTiI6Ik1haWwiLCJXVCI6Mn0%3D%7C3000&amp;sdata=lbClZ528vkkK2WUY%2Fvoc%2BYQzsv5CtPU8q6eRiG02w1M%3D&amp;reserved=0\">outil interactif de recherche de soutien pour les entreprises.<\/a> Vous pouvez \u00e9galement vous inscrire aux avis pour \u00eatre notifi\u00e9 d\u00e8s qu\u2019une modification est apport\u00e9e aux programmes qui vous conviennent, que la date limite pour faire une demande approche ou qu\u2019un nouveau programme r\u00e9pondant \u00e0 vos besoins est lanc\u00e9.<\/p>\n<p>Obtenez des outils ainsi que des renseignements sur ce qu&#8217;il faut savoir avant de lancer une entreprise.\u00a0Renseignez-vous avant d&#8217;entreprendre l&#8217;expansion de votre entreprise.\u00a0 D\u00e9couvrez comment donner un \u00e9lan \u00e0 vos projets de recherche-d\u00e9veloppement et d&#8217;innovation gr\u00e2ce aux subventions, contributions et pr\u00eats gouvernementaux, ainsi qu&#8217;au financement priv\u00e9.\u00a0 Renseignez-vous sur les programmes et les services offerts dans votre r\u00e9gion qui pourraient aider votre entreprise \u00e0 r\u00e9ussir. Renseignez-vous sur les permis, les licences et les r\u00e8glements municipaux, provinciaux, territoriaux et f\u00e9d\u00e9raux qui s&#8217;appliquent \u00e0 votre entreprise. Apprenez \u00e0 g\u00e9rer vos activit\u00e9s courantes, \u00e0 pr\u00e9parer un budget, \u00e0 mener des activit\u00e9s de marketing et \u00e0 appliquer les retenues sur salaire et plus.\u00a0<a href=\"https:\/\/can01.safelinks.protection.outlook.com\/?url=https%3A%2F%2Fwww.ic.gc.ca%2Feic%2Fsite%2Fcsbfp-pfpec.nsf%2Ffra%2Fla03285.html&amp;data=04%7C01%7Ctmorningstar%40ccib.ca%7Cb30bbeb588544b87c83708d9d07a241f%7Cdc0a4247e6b341e6a60a81a35d882da3%7C0%7C0%7C637770047361775130%7CUnknown%7CTWFpbGZsb3d8eyJWIjoiMC4wLjAwMDAiLCJQIjoiV2luMzIiLCJBTiI6Ik1haWwiLCJXVCI6Mn0%3D%7C3000&amp;sdata=hYF0Wc%2BqbkEWTkhIT7zULx49AJKTir5vzD%2BjqiSzT9A%3D&amp;reserved=0\">Aper\u00e7u des services f\u00e9d\u00e9raux pour les petites entreprises<\/a><\/p>\n<\/div>\n<div class=\"title\">\n<a class='tfab_protectedLink' href='http:\/\/www.ic.gc.ca\/eic\/site\/cipointernet-internetopic.nsf\/eng\/h_wr04320.html\/panel1' target='_self' eventCategory='Legal &amp; Regulatory' eventName='Access Intellectual Property Resources' eventAction='' eventValue='0' popUpContentId='Tfab_ProtectedLink_NbOkFr'><\/a><div id='Tfab_ProtectedLink_NbOkFr' class='tfab_protectedLink_dataHolder'>Please remember that use of the TFAB portal and TFAB Materials (including tools) are governed by the <a href=\"https:\/\/www.ccib.ca\/tib\/terms_of_use\/\" target=\"_blank\" rel=\"noopener noreferrer\">TFAB Portal Terms of Use which can be found here.<\/a><\/div>\n<\/div>\n<\/div>\n<\/div>\n<div class=\"bottom\">\n<div class=\"leftSide\">\n<div class=\"content\">\n<p>&nbsp;<\/p>\n<\/div>\n<\/div>\n<div><img decoding=\"async\" class=\"alignnone wp-image-2729 size-medium\" src=\"https:\/\/www.ccib.ca\/tib\/wp-content\/uploads\/sites\/2\/2022\/02\/gov_canada_logo-300x149.png\" alt=\"\" width=\"300\" height=\"149\" srcset=\"https:\/\/www.ccib.ca\/tib\/wp-content\/uploads\/sites\/2\/2022\/02\/gov_canada_logo-300x149.png 300w, https:\/\/www.ccib.ca\/tib\/wp-content\/uploads\/sites\/2\/2022\/02\/gov_canada_logo-1024x509.png 1024w, https:\/\/www.ccib.ca\/tib\/wp-content\/uploads\/sites\/2\/2022\/02\/gov_canada_logo-768x382.png 768w, https:\/\/www.ccib.ca\/tib\/wp-content\/uploads\/sites\/2\/2022\/02\/gov_canada_logo.png 1184w\" sizes=\"(max-width: 300px) 100vw, 300px\" \/><\/div>\n<\/div>\n<p>[\/vc_column_text][\/vc_column][\/vc_row]<\/p>\n<\/div>","protected":false},"excerpt":{"rendered":"<p>[vc_row][vc_column][vc_column_text] Canada Small Business Financing Program [\/vc_column_text][\/vc_column][\/vc_row][vc_row][vc_column width=&#8221;1\/2&#8243;][vc_column_text] Description [\/vc_column_text][vc_column_text] The Canada Small Business Financing Program makes it easier for small businesses to get loans from financial institutions by sharing the risk with lenders. Loans can be used to finance the following costs: purchase or improvement of land or buildings used for commercial purposes purchase [&hellip;]<\/p>\n","protected":false},"author":21,"featured_media":0,"parent":0,"menu_order":0,"comment_status":"closed","ping_status":"closed","template":"","meta":{"_acf_changed":false,"footnotes":""},"class_list":["post-2727","page","type-page","status-publish","hentry"],"acf":[],"yoast_head":"<!-- This site is optimized with the Yoast SEO plugin v27.0 - https:\/\/yoast.com\/product\/yoast-seo-wordpress\/ -->\n<title>Canada Small Business Financing Program - TIB<\/title>\n<meta name=\"robots\" content=\"index, follow, max-snippet:-1, max-image-preview:large, max-video-preview:-1\" \/>\n<link rel=\"canonical\" href=\"https:\/\/www.ccib.ca\/tib\/canada-small-business-financing-program\/\" \/>\n<meta property=\"og:locale\" content=\"en_US\" \/>\n<meta property=\"og:type\" content=\"article\" \/>\n<meta property=\"og:title\" content=\"Canada Small Business Financing Program - TIB\" \/>\n<meta property=\"og:description\" content=\"[vc_row][vc_column][vc_column_text] Canada Small Business Financing Program [\/vc_column_text][\/vc_column][\/vc_row][vc_row][vc_column width=&#8221;1\/2&#8243;][vc_column_text] Description [\/vc_column_text][vc_column_text] The Canada Small Business Financing Program makes it easier for small businesses to get loans from financial institutions by sharing the risk with lenders. Loans can be used to finance the following costs: purchase or improvement of land or buildings used for commercial purposes purchase [&hellip;]\" \/>\n<meta property=\"og:url\" content=\"https:\/\/www.ccib.ca\/tib\/canada-small-business-financing-program\/\" \/>\n<meta property=\"og:site_name\" content=\"TIB\" \/>\n<meta property=\"article:modified_time\" content=\"2022-02-09T14:27:57+00:00\" \/>\n<meta property=\"og:image\" content=\"https:\/\/www.ccib.ca\/tfab\/wp-content\/uploads\/sites\/2\/2022\/02\/gov_canada_logo-300x149.png\" \/>\n<meta name=\"twitter:card\" content=\"summary_large_image\" \/>\n<meta name=\"twitter:label1\" content=\"Est. reading time\" \/>\n\t<meta name=\"twitter:data1\" content=\"5 minutes\" \/>\n<script type=\"application\/ld+json\" class=\"yoast-schema-graph\">{\"@context\":\"https:\/\/schema.org\",\"@graph\":[{\"@type\":\"WebPage\",\"@id\":\"https:\/\/www.ccib.ca\/tib\/canada-small-business-financing-program\/\",\"url\":\"https:\/\/www.ccib.ca\/tib\/canada-small-business-financing-program\/\",\"name\":\"Canada Small Business Financing Program - TIB\",\"isPartOf\":{\"@id\":\"https:\/\/www.ccib.ca\/tib\/#website\"},\"primaryImageOfPage\":{\"@id\":\"https:\/\/www.ccib.ca\/tib\/canada-small-business-financing-program\/#primaryimage\"},\"image\":{\"@id\":\"https:\/\/www.ccib.ca\/tib\/canada-small-business-financing-program\/#primaryimage\"},\"thumbnailUrl\":\"https:\/\/www.ccib.ca\/tib\/wp-content\/uploads\/sites\/2\/2022\/02\/gov_canada_logo-300x149.png\",\"datePublished\":\"2022-02-08T19:59:25+00:00\",\"dateModified\":\"2022-02-09T14:27:57+00:00\",\"breadcrumb\":{\"@id\":\"https:\/\/www.ccib.ca\/tib\/canada-small-business-financing-program\/#breadcrumb\"},\"inLanguage\":\"en-US\",\"potentialAction\":[{\"@type\":\"ReadAction\",\"target\":[\"https:\/\/www.ccib.ca\/tib\/canada-small-business-financing-program\/\"]}]},{\"@type\":\"ImageObject\",\"inLanguage\":\"en-US\",\"@id\":\"https:\/\/www.ccib.ca\/tib\/canada-small-business-financing-program\/#primaryimage\",\"url\":\"https:\/\/www.ccib.ca\/tib\/wp-content\/uploads\/sites\/2\/2022\/02\/gov_canada_logo.png\",\"contentUrl\":\"https:\/\/www.ccib.ca\/tib\/wp-content\/uploads\/sites\/2\/2022\/02\/gov_canada_logo.png\",\"width\":1184,\"height\":589},{\"@type\":\"BreadcrumbList\",\"@id\":\"https:\/\/www.ccib.ca\/tib\/canada-small-business-financing-program\/#breadcrumb\",\"itemListElement\":[{\"@type\":\"ListItem\",\"position\":1,\"name\":\"Home\",\"item\":\"https:\/\/www.ccib.ca\/tib\/\"},{\"@type\":\"ListItem\",\"position\":2,\"name\":\"Canada Small Business Financing Program\"}]},{\"@type\":\"WebSite\",\"@id\":\"https:\/\/www.ccib.ca\/tib\/#website\",\"url\":\"https:\/\/www.ccib.ca\/tib\/\",\"name\":\"TIB\",\"description\":\"Tools for Indigenous Businesses\",\"potentialAction\":[{\"@type\":\"SearchAction\",\"target\":{\"@type\":\"EntryPoint\",\"urlTemplate\":\"https:\/\/www.ccib.ca\/tib\/?s={search_term_string}\"},\"query-input\":{\"@type\":\"PropertyValueSpecification\",\"valueRequired\":true,\"valueName\":\"search_term_string\"}}],\"inLanguage\":\"en-US\"}]}<\/script>\n<!-- \/ Yoast SEO plugin. -->","yoast_head_json":{"title":"Canada Small Business Financing Program - TIB","robots":{"index":"index","follow":"follow","max-snippet":"max-snippet:-1","max-image-preview":"max-image-preview:large","max-video-preview":"max-video-preview:-1"},"canonical":"https:\/\/www.ccib.ca\/tib\/canada-small-business-financing-program\/","og_locale":"en_US","og_type":"article","og_title":"Canada Small Business Financing Program - TIB","og_description":"[vc_row][vc_column][vc_column_text] Canada Small Business Financing Program [\/vc_column_text][\/vc_column][\/vc_row][vc_row][vc_column width=&#8221;1\/2&#8243;][vc_column_text] Description [\/vc_column_text][vc_column_text] The Canada Small Business Financing Program makes it easier for small businesses to get loans from financial institutions by sharing the risk with lenders. Loans can be used to finance the following costs: purchase or improvement of land or buildings used for commercial purposes purchase [&hellip;]","og_url":"https:\/\/www.ccib.ca\/tib\/canada-small-business-financing-program\/","og_site_name":"TIB","article_modified_time":"2022-02-09T14:27:57+00:00","og_image":[{"url":"https:\/\/www.ccib.ca\/tfab\/wp-content\/uploads\/sites\/2\/2022\/02\/gov_canada_logo-300x149.png","type":"","width":"","height":""}],"twitter_card":"summary_large_image","twitter_misc":{"Est. reading time":"5 minutes"},"schema":{"@context":"https:\/\/schema.org","@graph":[{"@type":"WebPage","@id":"https:\/\/www.ccib.ca\/tib\/canada-small-business-financing-program\/","url":"https:\/\/www.ccib.ca\/tib\/canada-small-business-financing-program\/","name":"Canada Small Business Financing Program - TIB","isPartOf":{"@id":"https:\/\/www.ccib.ca\/tib\/#website"},"primaryImageOfPage":{"@id":"https:\/\/www.ccib.ca\/tib\/canada-small-business-financing-program\/#primaryimage"},"image":{"@id":"https:\/\/www.ccib.ca\/tib\/canada-small-business-financing-program\/#primaryimage"},"thumbnailUrl":"https:\/\/www.ccib.ca\/tib\/wp-content\/uploads\/sites\/2\/2022\/02\/gov_canada_logo-300x149.png","datePublished":"2022-02-08T19:59:25+00:00","dateModified":"2022-02-09T14:27:57+00:00","breadcrumb":{"@id":"https:\/\/www.ccib.ca\/tib\/canada-small-business-financing-program\/#breadcrumb"},"inLanguage":"en-US","potentialAction":[{"@type":"ReadAction","target":["https:\/\/www.ccib.ca\/tib\/canada-small-business-financing-program\/"]}]},{"@type":"ImageObject","inLanguage":"en-US","@id":"https:\/\/www.ccib.ca\/tib\/canada-small-business-financing-program\/#primaryimage","url":"https:\/\/www.ccib.ca\/tib\/wp-content\/uploads\/sites\/2\/2022\/02\/gov_canada_logo.png","contentUrl":"https:\/\/www.ccib.ca\/tib\/wp-content\/uploads\/sites\/2\/2022\/02\/gov_canada_logo.png","width":1184,"height":589},{"@type":"BreadcrumbList","@id":"https:\/\/www.ccib.ca\/tib\/canada-small-business-financing-program\/#breadcrumb","itemListElement":[{"@type":"ListItem","position":1,"name":"Home","item":"https:\/\/www.ccib.ca\/tib\/"},{"@type":"ListItem","position":2,"name":"Canada Small Business Financing Program"}]},{"@type":"WebSite","@id":"https:\/\/www.ccib.ca\/tib\/#website","url":"https:\/\/www.ccib.ca\/tib\/","name":"TIB","description":"Tools for Indigenous Businesses","potentialAction":[{"@type":"SearchAction","target":{"@type":"EntryPoint","urlTemplate":"https:\/\/www.ccib.ca\/tib\/?s={search_term_string}"},"query-input":{"@type":"PropertyValueSpecification","valueRequired":true,"valueName":"search_term_string"}}],"inLanguage":"en-US"}]}},"_links":{"self":[{"href":"https:\/\/www.ccib.ca\/tib\/wp-json\/wp\/v2\/pages\/2727","targetHints":{"allow":["GET"]}}],"collection":[{"href":"https:\/\/www.ccib.ca\/tib\/wp-json\/wp\/v2\/pages"}],"about":[{"href":"https:\/\/www.ccib.ca\/tib\/wp-json\/wp\/v2\/types\/page"}],"author":[{"embeddable":true,"href":"https:\/\/www.ccib.ca\/tib\/wp-json\/wp\/v2\/users\/21"}],"replies":[{"embeddable":true,"href":"https:\/\/www.ccib.ca\/tib\/wp-json\/wp\/v2\/comments?post=2727"}],"version-history":[{"count":4,"href":"https:\/\/www.ccib.ca\/tib\/wp-json\/wp\/v2\/pages\/2727\/revisions"}],"predecessor-version":[{"id":2759,"href":"https:\/\/www.ccib.ca\/tib\/wp-json\/wp\/v2\/pages\/2727\/revisions\/2759"}],"wp:attachment":[{"href":"https:\/\/www.ccib.ca\/tib\/wp-json\/wp\/v2\/media?parent=2727"}],"curies":[{"name":"wp","href":"https:\/\/api.w.org\/{rel}","templated":true}]}}